{"id":1678,"date":"2025-10-28T06:35:41","date_gmt":"2025-10-28T09:35:41","guid":{"rendered":"https:\/\/mg.passadospresentes.com.br\/cidades-negras\/?page_id=1678"},"modified":"2025-10-28T06:35:42","modified_gmt":"2025-10-28T09:35:42","slug":"verbete-aguamento","status":"publish","type":"page","link":"https:\/\/mg.passadospresentes.com.br\/cidades-negras\/verbete-aguamento\/","title":{"rendered":"Verbete: Aguamento"},"content":{"rendered":"\n<p>Por: <a href=\"https:\/\/mg.passadospresentes.com.br\/cidades-negras\/participante\/tayane-oliveira\/\">Tayane Oliveira<\/a><\/p>\n\n\n\n<hr class=\"wp-block-separator has-alpha-channel-opacity\"\/>\n\n\n\n<h4 class=\"wp-block-heading\">HIST\u00d3RICO:<\/h4>\n\n\n\n<hr class=\"wp-block-separator has-alpha-channel-opacity\"\/>\n\n\n\n<p>O aguamento \u00e9 um padecimento que atinge principalmente as crian\u00e7as, devido a uma falta de algu\u00e9m ou de ter algo. Essa escassez geraria um sentimento de desamparo e priva\u00e7\u00e3o que resultaria na perda de apetite e fraqueza nas crian\u00e7as. O benzedor Gelson explica como ele realiza esse benzimento:&nbsp;<\/p>\n\n\n\n<hr class=\"wp-block-separator has-alpha-channel-opacity\"\/>\n\n\n\n<p><strong>CITA\u00c7\u00c3O:<\/strong><\/p>\n\n\n\n<hr class=\"wp-block-separator has-alpha-channel-opacity\"\/>\n\n\n\n<p>(Gelson): A ora\u00e7\u00e3o \u00e9 muito simples, a ora\u00e7\u00e3o \u00e9 muito simples. \u00c9 assim: a gente pega tr\u00eas ramos de folha, tr\u00eas ramo. Tr\u00eas galhinhos com folha e reza assim: Santa Iria sentou na pedra fria e perguntou para Maria o que cura o aguamento? Ela respondeu: um ramo com folha e tr\u00eas Ave-Maria. Essa \u00e9 a ora\u00e7\u00e3o do aguamento, certo. A gente faz essa ora\u00e7\u00e3o, reza-se primeiro pedindo pro dom do Esp\u00edrito Santo, n\u00e9. A gente pede ajuda do Esp\u00edrito Santo, faz as ora\u00e7\u00f5es, que \u00e9 as ora\u00e7\u00f5es do Pai-Nosso, Ave-Maria, n\u00e9. E, simplesmente repete essas frases que a gente fala e pede para o Esp\u00edrito Santo para interceder pela pessoa. Essa \u00e9 a ora\u00e7\u00e3o que a gente faz, n\u00e9.<\/p>\n\n\n\n<hr class=\"wp-block-separator has-alpha-channel-opacity\"\/>\n\n\n\n<p>O aguamento tamb\u00e9m pode ser curado atrav\u00e9s de simpatias. O benzedor seu Gilmar ao falar sobre a simpatia do aguamento faz refer\u00eancia \u00e0 tr\u00eas Marias. Essa simpatia tem como princ\u00edpio pedir para a \u201ccrian\u00e7a aguada\u201d um pouco de comida durante tr\u00eas sextas-feiras na casa de tr\u00eas mulheres que tenham o nome de Maria. Ao fim desse per\u00edodo a crian\u00e7a estaria curada do aguamento.&nbsp; De acordo com Pereira e Gomes (2018, p. 24), a simpatia tamb\u00e9m tem a capacidade de evitar o mal, mas ela corresponde a uma pr\u00e1tica de \u201clivre acesso\u201d podendo ser executada por qualquer pessoa, enquanto as benze\u00e7\u00f5es necessitam desse agente intermedi\u00e1rio que intercede para combater o mal e estabelecer a harmonia.&nbsp;<\/p>\n\n\n\n<hr class=\"wp-block-separator has-alpha-channel-opacity\"\/>\n\n\n\n<p><strong>REFER\u00caNCIAS:<\/strong><\/p>\n\n\n\n<hr class=\"wp-block-separator has-alpha-channel-opacity\"\/>\n\n\n\n<p>OLIVEIRA, Tayane Aparecida Rodrigues. <strong>Reza Antiga, Cura Certa &#8211; B\u00ean\u00e7\u00e3os, mem\u00f3rias e quebrantos: o oficio da benzedura na cidade de S\u00e3o Jo\u00e3o del-Rei. <\/strong>&nbsp;&nbsp;Disserta\u00e7\u00e3o (Mestrado em Hist\u00f3ria) \u2013 UFSJ, 2022. Dispon\u00edvel em: <a href=\"https:\/\/ufsj.edu.br\/portal2-repositorio\/File\/pghis\/DissertacaoTayaneAparecidaRodriguesOliveira.pdf\">https:\/\/ufsj.edu.br\/portal2-repositorio\/File\/pghis\/DissertacaoTayaneAparecidaRodriguesOliveira.pdf<\/a>. Acesso em: 10 de outubro de 2024.<\/p>\n\n\n\n<hr class=\"wp-block-separator has-alpha-channel-opacity\"\/>\n\n\n\n<p>PEREIRA, Edimilson de Almeida; GOMES, N\u00fabia Pereira de Magalh\u00e3es. <strong>Assim se benze em Minas Gerais: um estudo sobre a cura atrav\u00e9s da palavra.<\/strong> Belo Horizonte. Massa Edi\u00e7\u00f5es, 2018.&nbsp;<\/p>\n\n\n\n<hr class=\"wp-block-separator has-alpha-channel-opacity\"\/>\n\n\n\n<p>QUINTANA, Alberto Manuel. <strong>A Ci\u00eancia da benzedura: mau-olhado, simpatias e uma pitada de psican\u00e1lise.<\/strong> Bauru: EDUSC.1999.<\/p>\n\n\n\n<p><\/p>\n","protected":false},"excerpt":{"rendered":"<p>Por: Tayane Oliveira HIST\u00d3RICO: O aguamento \u00e9 um padecimento que atinge principalmente as crian\u00e7as, devido a uma falta de algu\u00e9m ou de ter algo. Essa escassez geraria um sentimento de desamparo e priva\u00e7\u00e3o que resultaria na perda de apetite e fraqueza nas crian\u00e7as. O benzedor Gelson explica como ele realiza esse benzimento:&nbsp; CITA\u00c7\u00c3O: (Gelson): A [&hellip;]<\/p>\n","protected":false},"author":2,"featured_media":0,"parent":0,"menu_order":0,"comment_status":"closed","ping_status":"closed","template":"","meta":{"_acf_changed":false,"footnotes":""},"class_list":["post-1678","page","type-page","status-publish","hentry"],"acf":[],"_links":{"self":[{"href":"https:\/\/mg.passadospresentes.com.br\/cidades-negras\/wp-json\/wp\/v2\/pages\/1678","targetHints":{"allow":["GET"]}}],"collection":[{"href":"https:\/\/mg.passadospresentes.com.br\/cidades-negras\/wp-json\/wp\/v2\/pages"}],"about":[{"href":"https:\/\/mg.passadospresentes.com.br\/cidades-negras\/wp-json\/wp\/v2\/types\/page"}],"author":[{"embeddable":true,"href":"https:\/\/mg.passadospresentes.com.br\/cidades-negras\/wp-json\/wp\/v2\/users\/2"}],"replies":[{"embeddable":true,"href":"https:\/\/mg.passadospresentes.com.br\/cidades-negras\/wp-json\/wp\/v2\/comments?post=1678"}],"version-history":[{"count":1,"href":"https:\/\/mg.passadospresentes.com.br\/cidades-negras\/wp-json\/wp\/v2\/pages\/1678\/revisions"}],"predecessor-version":[{"id":1679,"href":"https:\/\/mg.passadospresentes.com.br\/cidades-negras\/wp-json\/wp\/v2\/pages\/1678\/revisions\/1679"}],"wp:attachment":[{"href":"https:\/\/mg.passadospresentes.com.br\/cidades-negras\/wp-json\/wp\/v2\/media?parent=1678"}],"curies":[{"name":"wp","href":"https:\/\/api.w.org\/{rel}","templated":true}]}}